{"id":26,"date":"2021-01-13T15:50:37","date_gmt":"2021-01-13T15:50:37","guid":{"rendered":"https:\/\/drk-staffort.de\/?page_id=26"},"modified":"2026-01-23T13:16:06","modified_gmt":"2026-01-23T13:16:06","slug":"impressum","status":"publish","type":"page","link":"https:\/\/drk-staffort.de\/?page_id=26","title":{"rendered":"Impressum"},"content":{"rendered":"\n<p>Unsere Webadresse lautet: https:\/\/drk-staffort.de<\/p>\n\n\n\n<p><strong>Postadresse:<\/strong><br>Deutsches Rotes Kreuz<br>Ortsverein Staffort e.V.<br>Draisstr. 13<br>76297 Stutensee<br>Deutschland<\/p>\n\n\n\n<p><strong>Besuchsadresse:<br><\/strong>Draishalle, DRK-R\u00e4ume (3. Eingang linke Seite am Wehrgraben)<br>Draisstr. 2b<br>76297 Stutensee<\/p>\n\n\n\n<p><strong>Kommunikation:<br><\/strong>Tel. +49 (0) 7249 4127<br>e-Mail: verwaltung (at) mail.drk-staffort.de<\/p>\n\n\n\n<p><strong>Vorstand (BGB)<\/strong><br>Vorsitzende: Lotte M\u00fcller, Ehrenlandesbereitschaftsleiterin<br>Stv. Vorsitzender: Martin Heinz Mueller, Dipl.-Gesundheits\u00f6konom (Univ.)<br>Schatzmeister:&nbsp;Hans-Georg Siegel<\/p>\n\n\n\n<p><strong>Bereitschaftsleitung<\/strong><br>Bereitschaftsleiter: Nico Herrmann &nbsp;<br>Stellvertretender Bereitschaftsleiter: Herbert Freiberger&nbsp;<br>Bereitschaftsarzt: Hartmut Wechselberger, Dr. med &nbsp;<\/p>\n\n\n\n<p><strong>Erweiterter Vorstand<br><\/strong>Schriftf\u00fchrerin: Daniela Herrmann&nbsp;<br>Beisitzer: William Kauz, Erich Walschburger<br>Kassenpr\u00fcfer: Melanie Hauth, Hartmut Held<\/p>\n\n\n\n<p><strong>Zus\u00e4tzliche Angaben laut Telemediengesetz (TMG):<\/strong><br>Vertretungsberechtigte Vorstandsmitglieder (BGB-Vorstand): Lotte M\u00fcller, Martin Heinz Mueller, Hans-Georg Siegel<br>Registergericht: VR 102568 Amtsgericht Mannheim<br>Steuernummer: 34002\/34235 FA Karlsruhe-Durlach<br>Inhaltlich Verantwortlicher gem\u00e4\u00df \u00a76 MDStV: Martin Heinz Mueller<\/p>\n\n\n\n<p><strong>Gemeinn\u00fctzigkeit:<br><\/strong>Wir sind wegen F\u00f6rderung der freien Wohlfahrtspflege als ausschlie\u00dflich und unmittelbar gemeinn\u00fctzigen Zwecken dienend anerkannt und nach dem letzten uns zugegangenen Freistellungsbescheid des Finanzamtes Karlsruhe-Durlach, Verzeichnis-Nr. 789, vom 09.12.2025 entsprechend \u00a7\u00a7 51 ff AO nach \u00a7 5 Abs. 1 Nr. 9 des KStG von der K\u00f6rperschaftssteuer und nach \u00a7 3 Nr. 6 GewStG von der Gewerbesteuer befreit.<br><br>_________________________________________________________<\/p>\n\n\n\n<p><strong>Entgeltordnung des Ortsvereins f\u00fcr Sanit\u00e4tsdienste<\/strong><\/p>\n\n\n\n<p>Bei Veranstaltungen, gerade im \u00f6ffentlichen Raum, kommt es durch eine H\u00e4ufung von Personen gesteigert auch zu medizinischen Zwischenf\u00e4llen. Aus diesem Grund ist es oft Vorgabe zur Genehmigung des jeweiligen Ordnungsamtes, einen Sanit\u00e4tsdienst f\u00fcr gewisse Veranstaltungen bereitzustellen.<\/p>\n\n\n\n<p>Auch wenn die Genehmigung keinen Sanit\u00e4tsdienst zwingend erfordert, kann es durchaus Sinn machen aufgrund von erh\u00f6hten Gef\u00e4hrdungspotentialen und Erfahrungen mit den jeweiligen Veranstaltungen dennoch einen Sanit\u00e4tsdienst zu buchen. <\/p>\n\n\n\n<p>Da wir uns als Ortsverein und Bereitschaft nur durch Spenden finanzieren, ist es uns leider nicht m\u00f6glich Sanit\u00e4tsdienste kostenlos anzubieten. Auch wenn wir Entgelte zur Aufrechterhaltung unserer Einsatzf\u00e4higkeit in Rechnung stellen, arbeiten alle unsere Helfer auf komplett ehrenamtlicher Basis und diese sind stets Mitglied unserer Gliederung.<\/p>\n\n\n\n<div data-wp-interactive=\"core\/file\" class=\"wp-block-file\"><object data-wp-bind--hidden=\"!state.hasPdfPreview\" hidden class=\"wp-block-file__embed\" data=\"https:\/\/drk-staffort.de\/wp-content\/uploads\/2026\/01\/Entgeltordnung-Sanitaetsdienste-OV-Staffort.pdf\" type=\"application\/pdf\" style=\"width:100%;height:600px\" aria-label=\"Einbettung von Entgeltordnung Sanit\u00e4tsdienste OV Staffort.\"><\/object><a id=\"wp-block-file--media-01ad471f-16c6-40b3-970a-897d67a080a0\" href=\"https:\/\/drk-staffort.de\/wp-content\/uploads\/2026\/01\/Entgeltordnung-Sanitaetsdienste-OV-Staffort.pdf\">Entgeltordnung Sanit\u00e4tsdienste OV Staffort<\/a><a href=\"https:\/\/drk-staffort.de\/wp-content\/uploads\/2026\/01\/Entgeltordnung-Sanitaetsdienste-OV-Staffort.pdf\" class=\"wp-block-file__button wp-element-button\" download aria-describedby=\"wp-block-file--media-01ad471f-16c6-40b3-970a-897d67a080a0\">Herunterladen<\/a><\/div>\n","protected":false},"excerpt":{"rendered":"<p>Unsere Webadresse lautet: https:\/\/drk-staffort.de Postadresse:Deutsches Rotes KreuzOrtsverein Staffort e.V.Draisstr. 1376297 StutenseeDeutschland Besuchsadresse:Draishalle, DRK-R\u00e4ume (3. Eingang linke Seite am Wehrgraben)Draisstr. 2b76297 Stutensee Kommunikation:Tel. +49 (0) 7249 4127e-Mail: verwaltung (at) mail.drk-staffort.de Vorstand (BGB)Vorsitzende: Lotte M\u00fcller, EhrenlandesbereitschaftsleiterinStv. Vorsitzender: Martin Heinz Mueller, Dipl.-Gesundheits\u00f6konom (Univ.)Schatzmeister:&nbsp;Hans-Georg Siegel BereitschaftsleitungBereitschaftsleiter: Nico Herrmann &nbsp;Stellvertretender Bereitschaftsleiter: Herbert Freiberger&nbsp;Bereitschaftsarzt: Hartmut Wechselberger, Dr. med &nbsp; Erweiterter VorstandSchriftf\u00fchrerin: &hellip; <a href=\"https:\/\/drk-staffort.de\/?page_id=26\">Continued<\/a><\/p>\n","protected":false},"author":1,"featured_media":0,"parent":0,"menu_order":0,"comment_status":"closed","ping_status":"closed","template":"","meta":{"footnotes":""},"class_list":["post-26","page","type-page","status-publish","hentry"],"_links":{"self":[{"href":"https:\/\/drk-staffort.de\/index.php?rest_route=\/wp\/v2\/pages\/26","targetHints":{"allow":["GET"]}}],"collection":[{"href":"https:\/\/drk-staffort.de\/index.php?rest_route=\/wp\/v2\/pages"}],"about":[{"href":"https:\/\/drk-staffort.de\/index.php?rest_route=\/wp\/v2\/types\/page"}],"author":[{"embeddable":true,"href":"https:\/\/drk-staffort.de\/index.php?rest_route=\/wp\/v2\/users\/1"}],"replies":[{"embeddable":true,"href":"https:\/\/drk-staffort.de\/index.php?rest_route=%2Fwp%2Fv2%2Fcomments&post=26"}],"version-history":[{"count":4,"href":"https:\/\/drk-staffort.de\/index.php?rest_route=\/wp\/v2\/pages\/26\/revisions"}],"predecessor-version":[{"id":174,"href":"https:\/\/drk-staffort.de\/index.php?rest_route=\/wp\/v2\/pages\/26\/revisions\/174"}],"wp:attachment":[{"href":"https:\/\/drk-staffort.de\/index.php?rest_route=%2Fwp%2Fv2%2Fmedia&parent=26"}],"curies":[{"name":"wp","href":"https:\/\/api.w.org\/{rel}","templated":true}]}}