{"id":48,"date":"2021-01-26T14:07:56","date_gmt":"2021-01-26T14:07:56","guid":{"rendered":"https:\/\/drk-staffort.de\/?page_id=48"},"modified":"2026-01-23T13:09:44","modified_gmt":"2026-01-23T13:09:44","slug":"spenden","status":"publish","type":"page","link":"https:\/\/drk-staffort.de\/?page_id=48","title":{"rendered":"Spenden"},"content":{"rendered":"\n<p><strong>Kontodaten f\u00fcr Ihre \u00dcberweisung:<\/strong><br>Zahlungsempf\u00e4nger: Deutsches Rotes Kreuz &#8211; Ortsverein Staffort e.V.<br>Bankname: Volksbank Kraichgau eG<\/p>\n\n\n\n<p><strong>SEPA-\u00dcberweisung:<br><\/strong>IBAN:<strong> DE97 6729 2200 0010 9149 90 \/ <\/strong>BIC:<strong> GENODE61WIE<\/strong>  <mark style=\"background-color:rgba(0, 0, 0, 0)\" class=\"has-inline-color has-primary-color\"><strong> (ACHTUNG: NEUE BANKVERBINDUNG SEIT 2024)<\/strong> <\/mark><\/p>\n\n\n\n<figure class=\"wp-block-image size-full\"><img loading=\"lazy\" decoding=\"async\" width=\"160\" height=\"160\" src=\"https:\/\/drk-staffort.de\/wp-content\/uploads\/2024\/12\/Unbenannt.png\" alt=\"\" class=\"wp-image-121\" srcset=\"https:\/\/drk-staffort.de\/wp-content\/uploads\/2024\/12\/Unbenannt.png 160w, https:\/\/drk-staffort.de\/wp-content\/uploads\/2024\/12\/Unbenannt-150x150.png 150w\" sizes=\"auto, (max-width: 160px) 100vw, 160px\" \/><\/figure>\n\n\n\n<p>Kontaktdaten<br>Deutsches Rotes Kreuz &#8211; Ortsverein Staffort e.V.<br>Frau Lotte M\u00fcller, Vorsitzende<br>Draisstra\u00dfe 13, 76297 Stutensee, Germany<\/p>\n\n\n\n<p>Tel. +49 (0) 7249 4127<br>Fax +49 (0) 7249 952945<br>e-Mail: verwaltung (at)  mail.drk-staffort.de &nbsp; &nbsp; &nbsp; &nbsp;<\/p>\n\n\n\n<p>Wir sind wegen F\u00f6rderung der freien Wohlfahrtspflege als ausschlie\u00dflich und unmittelbar gemeinn\u00fctzigen Zwecken dienend anerkannt und nach dem letzten uns zugegangenen Freistellungsbescheid des Finanzamtes Karlsruhe-Durlach, Verzeichnis-Nr. 789, vom 09.12.2025 entsprechend \u00a7 5 Abs. 1 Nr. 9 des KStG von der K\u00f6rperschaftssteuer und nach \u00a7 3 Nr. 6 GewStG von der Gewerbesteuer befreit. Die Satzungszwecke entsprechen \u00a7 52 Abs. 2 S. 1 Nr. 9 AO.<\/p>\n\n\n\n<p><strong>Bitte Kontaktieren Sie uns auch, wenn Sie uns k\u00fcnftig als Mitglied unterst\u00fctzen m\u00f6chten.<\/strong><\/p>\n","protected":false},"excerpt":{"rendered":"<p>Kontodaten f\u00fcr Ihre \u00dcberweisung:Zahlungsempf\u00e4nger: Deutsches Rotes Kreuz &#8211; Ortsverein Staffort e.V.Bankname: Volksbank Kraichgau eG SEPA-\u00dcberweisung:IBAN: DE97 6729 2200 0010 9149 90 \/ BIC: GENODE61WIE (ACHTUNG: NEUE BANKVERBINDUNG SEIT 2024) KontaktdatenDeutsches Rotes Kreuz &#8211; Ortsverein Staffort e.V.Frau Lotte M\u00fcller, VorsitzendeDraisstra\u00dfe 13, 76297 Stutensee, Germany Tel. +49 (0) 7249 4127Fax +49 (0) 7249 952945e-Mail: verwaltung (at) mail.drk-staffort.de &hellip; <a href=\"https:\/\/drk-staffort.de\/?page_id=48\">Continued<\/a><\/p>\n","protected":false},"author":1,"featured_media":0,"parent":0,"menu_order":0,"comment_status":"closed","ping_status":"closed","template":"","meta":{"footnotes":""},"class_list":["post-48","page","type-page","status-publish","hentry"],"_links":{"self":[{"href":"https:\/\/drk-staffort.de\/index.php?rest_route=\/wp\/v2\/pages\/48","targetHints":{"allow":["GET"]}}],"collection":[{"href":"https:\/\/drk-staffort.de\/index.php?rest_route=\/wp\/v2\/pages"}],"about":[{"href":"https:\/\/drk-staffort.de\/index.php?rest_route=\/wp\/v2\/types\/page"}],"author":[{"embeddable":true,"href":"https:\/\/drk-staffort.de\/index.php?rest_route=\/wp\/v2\/users\/1"}],"replies":[{"embeddable":true,"href":"https:\/\/drk-staffort.de\/index.php?rest_route=%2Fwp%2Fv2%2Fcomments&post=48"}],"version-history":[{"count":1,"href":"https:\/\/drk-staffort.de\/index.php?rest_route=\/wp\/v2\/pages\/48\/revisions"}],"predecessor-version":[{"id":171,"href":"https:\/\/drk-staffort.de\/index.php?rest_route=\/wp\/v2\/pages\/48\/revisions\/171"}],"wp:attachment":[{"href":"https:\/\/drk-staffort.de\/index.php?rest_route=%2Fwp%2Fv2%2Fmedia&parent=48"}],"curies":[{"name":"wp","href":"https:\/\/api.w.org\/{rel}","templated":true}]}}